{"id":5838,"date":"2022-12-28T09:03:50","date_gmt":"2022-12-28T09:03:50","guid":{"rendered":"https:\/\/mugetanyel.com\/dis-hekimi-muge-ates\/"},"modified":"2024-11-05T15:27:48","modified_gmt":"2024-11-05T15:27:48","slug":"zahnaerztin-muege-tanyel","status":"publish","type":"page","link":"https:\/\/mugetanyel.com\/de\/zahnaerztin-muege-tanyel\/","title":{"rendered":"Zahn\u00e4rztin M\u00fcge Tanyel"},"content":{"rendered":"\t\t<div data-elementor-type=\"wp-page\" data-elementor-id=\"5838\" class=\"elementor elementor-5838 elementor-4241\">\n\t\t\t\t\t\t<section class=\"elementor-section elementor-top-section elementor-element elementor-element-4aa8468 elementor-section-boxed elementor-section-height-default elementor-section-height-default\" data-id=\"4aa8468\" data-element_type=\"section\">\n\t\t\t\t\t\t<div class=\"elementor-container elementor-column-gap-default\">\n\t\t\t\t\t<div class=\"elementor-column elementor-col-50 elementor-top-column elementor-element elementor-element-7d8c23f\" data-id=\"7d8c23f\" data-element_type=\"column\">\n\t\t\t<div class=\"elementor-widget-wrap elementor-element-populated\">\n\t\t\t\t\t\t<div class=\"elementor-element elementor-element-8be512a elementor-widget elementor-widget-image\" data-id=\"8be512a\" data-element_type=\"widget\" data-widget_type=\"image.default\">\n\t\t\t\t<div class=\"elementor-widget-container\">\n\t\t\t\t\t\t\t\t\t\t\t\t\t<img fetchpriority=\"high\" decoding=\"async\" width=\"399\" height=\"544\" src=\"https:\/\/mugetanyel.com\/wp-content\/uploads\/2023\/03\/muge-ates.png\" class=\"attachment-large size-large wp-image-4355\" alt=\"\" srcset=\"https:\/\/mugetanyel.com\/wp-content\/uploads\/2023\/03\/muge-ates.png 399w, https:\/\/mugetanyel.com\/wp-content\/uploads\/2023\/03\/muge-ates-220x300.png 220w\" sizes=\"(max-width: 399px) 100vw, 399px\" \/>\t\t\t\t\t\t\t\t\t\t\t\t\t<\/div>\n\t\t\t\t<\/div>\n\t\t\t\t\t<\/div>\n\t\t<\/div>\n\t\t\t\t<div class=\"elementor-column elementor-col-50 elementor-top-column elementor-element elementor-element-cbe4ff2\" data-id=\"cbe4ff2\" data-element_type=\"column\">\n\t\t\t<div class=\"elementor-widget-wrap elementor-element-populated\">\n\t\t\t\t\t\t<div class=\"elementor-element elementor-element-64b3271 elementor-widget elementor-widget-text-editor\" data-id=\"64b3271\" data-element_type=\"widget\" data-widget_type=\"text-editor.default\">\n\t\t\t\t<div class=\"elementor-widget-container\">\n\t\t\t\t\t\t\t<p>M\u00fcge Tanyel absolvierte die Kastamonu Mustafa Kaya Anatolian High School (Lise) und setzte ihre Ausbildung 2005 an der zahnmedizinischen Fakult\u00e4t der Marmara Universit\u00e4t fort. Sie wurde 2011 Zahn\u00e4rztin und arbeitete von 2011 bis 2015 in einer Privatklinik in Istanbul. Zwischen 2015 und 2021 setzte sie ihr Fachstudium an der privaten Poliklinik \u201eDent Halikarnas Oral and Dental Health\u201c fort und f\u00fchrt derzeit ihre eigenen Klinik.<\/p><p>Zahn\u00e4rztin M\u00fcge Tanyel, die \u00fcber umfangreiche Erfahrung in der Zahnbehandlung verf\u00fcgt, bietet in ihrer Zahnklinik in Bodrum jedem Patienten einen einzigartigen Behandlungsplan an und verfolgt neue Behandlungstechniken genau.<\/p><p>Die verheiratete Zahn\u00e4rztin M\u00fcge Tanyel spricht flie\u00dfend Englisch.<\/p>\t\t\t\t\t\t<\/div>\n\t\t\t\t<\/div>\n\t\t\t\t<section class=\"elementor-section elementor-inner-section elementor-element elementor-element-91edede elementor-section-boxed elementor-section-height-default elementor-section-height-default\" data-id=\"91edede\" data-element_type=\"section\">\n\t\t\t\t\t\t<div class=\"elementor-container elementor-column-gap-no\">\n\t\t\t\t\t<div class=\"elementor-column elementor-col-50 elementor-inner-column elementor-element elementor-element-c8294eb\" data-id=\"c8294eb\" data-element_type=\"column\">\n\t\t\t<div class=\"elementor-widget-wrap elementor-element-populated\">\n\t\t\t\t\t\t<div class=\"elementor-element elementor-element-cde8972 elementor-widget elementor-widget-text-editor\" data-id=\"cde8972\" data-element_type=\"widget\" data-widget_type=\"text-editor.default\">\n\t\t\t\t<div class=\"elementor-widget-container\">\n\t\t\t\t\t\t\t<p>Interessen:<\/p>\t\t\t\t\t\t<\/div>\n\t\t\t\t<\/div>\n\t\t\t\t\t<\/div>\n\t\t<\/div>\n\t\t\t\t<div class=\"elementor-column elementor-col-50 elementor-inner-column elementor-element elementor-element-e1a2c7c\" data-id=\"e1a2c7c\" data-element_type=\"column\">\n\t\t\t<div class=\"elementor-widget-wrap elementor-element-populated\">\n\t\t\t\t\t\t<div class=\"elementor-element elementor-element-82fba55 elementor-widget elementor-widget-text-editor\" data-id=\"82fba55\" data-element_type=\"widget\" data-widget_type=\"text-editor.default\">\n\t\t\t\t<div class=\"elementor-widget-container\">\n\t\t\t\t\t\t\t<p>Behandlungen der \u00e4sthetischen Zahnheilkunde, Veneers, Smile Design, \u00e4sthetische F\u00fcllungen, Vollkeramik, Implantaten, Kinderzahnheilkunde<\/p>\t\t\t\t\t\t<\/div>\n\t\t\t\t<\/div>\n\t\t\t\t\t<\/div>\n\t\t<\/div>\n\t\t\t\t\t<\/div>\n\t\t<\/section>\n\t\t\t\t<section class=\"elementor-section elementor-inner-section elementor-element elementor-element-1aa11ef elementor-section-boxed elementor-section-height-default elementor-section-height-default\" data-id=\"1aa11ef\" data-element_type=\"section\">\n\t\t\t\t\t\t<div class=\"elementor-container elementor-column-gap-no\">\n\t\t\t\t\t<div class=\"elementor-column elementor-col-50 elementor-inner-column elementor-element elementor-element-38a49b4\" data-id=\"38a49b4\" data-element_type=\"column\">\n\t\t\t<div class=\"elementor-widget-wrap elementor-element-populated\">\n\t\t\t\t\t\t<div class=\"elementor-element elementor-element-83f5894 elementor-widget elementor-widget-text-editor\" data-id=\"83f5894\" data-element_type=\"widget\" data-widget_type=\"text-editor.default\">\n\t\t\t\t<div class=\"elementor-widget-container\">\n\t\t\t\t\t\t\t<p>Master:<\/p>\t\t\t\t\t\t<\/div>\n\t\t\t\t<\/div>\n\t\t\t\t\t<\/div>\n\t\t<\/div>\n\t\t\t\t<div class=\"elementor-column elementor-col-50 elementor-inner-column elementor-element elementor-element-3e5d6d0\" data-id=\"3e5d6d0\" data-element_type=\"column\">\n\t\t\t<div class=\"elementor-widget-wrap elementor-element-populated\">\n\t\t\t\t\t\t<div class=\"elementor-element elementor-element-dcf50cc elementor-widget elementor-widget-text-editor\" data-id=\"dcf50cc\" data-element_type=\"widget\" data-widget_type=\"text-editor.default\">\n\t\t\t\t<div class=\"elementor-widget-container\">\n\t\t\t\t\t\t\t<p>Fakult\u00e4t f\u00fcr Zahnmedizin der Universit\u00e4t Marmara<\/p>\t\t\t\t\t\t<\/div>\n\t\t\t\t<\/div>\n\t\t\t\t\t<\/div>\n\t\t<\/div>\n\t\t\t\t\t<\/div>\n\t\t<\/section>\n\t\t\t\t<section class=\"elementor-section elementor-inner-section elementor-element elementor-element-61e4cf0 elementor-section-boxed elementor-section-height-default elementor-section-height-default\" data-id=\"61e4cf0\" data-element_type=\"section\">\n\t\t\t\t\t\t<div class=\"elementor-container elementor-column-gap-no\">\n\t\t\t\t\t<div class=\"elementor-column elementor-col-50 elementor-inner-column elementor-element elementor-element-8b58b86\" data-id=\"8b58b86\" data-element_type=\"column\">\n\t\t\t<div class=\"elementor-widget-wrap elementor-element-populated\">\n\t\t\t\t\t\t<div class=\"elementor-element elementor-element-f6052a3 elementor-widget elementor-widget-text-editor\" data-id=\"f6052a3\" data-element_type=\"widget\" data-widget_type=\"text-editor.default\">\n\t\t\t\t<div class=\"elementor-widget-container\">\n\t\t\t\t\t\t\t<p>Abschluss:<\/p>\t\t\t\t\t\t<\/div>\n\t\t\t\t<\/div>\n\t\t\t\t\t<\/div>\n\t\t<\/div>\n\t\t\t\t<div class=\"elementor-column elementor-col-50 elementor-inner-column elementor-element elementor-element-e0a3b53\" data-id=\"e0a3b53\" data-element_type=\"column\">\n\t\t\t<div class=\"elementor-widget-wrap elementor-element-populated\">\n\t\t\t\t\t\t<div class=\"elementor-element elementor-element-a50a896 elementor-widget elementor-widget-text-editor\" data-id=\"a50a896\" data-element_type=\"widget\" data-widget_type=\"text-editor.default\">\n\t\t\t\t<div class=\"elementor-widget-container\">\n\t\t\t\t\t\t\t<p>2011 bis 2015<\/p>\t\t\t\t\t\t<\/div>\n\t\t\t\t<\/div>\n\t\t\t\t\t<\/div>\n\t\t<\/div>\n\t\t\t\t\t<\/div>\n\t\t<\/section>\n\t\t\t\t\t<\/div>\n\t\t<\/div>\n\t\t\t\t\t<\/div>\n\t\t<\/section>\n\t\t\t\t<\/div>\n\t\t","protected":false},"excerpt":{"rendered":"<p>M\u00fcge Tanyel absolvierte die Kastamonu Mustafa Kaya Anatolian High School (Lise) und setzte ihre Ausbildung 2005 an der zahnmedizinischen Fakult\u00e4t der Marmara Universit\u00e4t fort. Sie wurde 2011 [&hellip;]<\/p>\n","protected":false},"author":1,"featured_media":0,"parent":0,"menu_order":0,"comment_status":"closed","ping_status":"open","template":"","meta":{"footnotes":""},"class_list":["post-5838","page","type-page","status-publish","hentry"],"_links":{"self":[{"href":"https:\/\/mugetanyel.com\/de\/wp-json\/wp\/v2\/pages\/5838","targetHints":{"allow":["GET"]}}],"collection":[{"href":"https:\/\/mugetanyel.com\/de\/wp-json\/wp\/v2\/pages"}],"about":[{"href":"https:\/\/mugetanyel.com\/de\/wp-json\/wp\/v2\/types\/page"}],"author":[{"embeddable":true,"href":"https:\/\/mugetanyel.com\/de\/wp-json\/wp\/v2\/users\/1"}],"replies":[{"embeddable":true,"href":"https:\/\/mugetanyel.com\/de\/wp-json\/wp\/v2\/comments?post=5838"}],"version-history":[{"count":15,"href":"https:\/\/mugetanyel.com\/de\/wp-json\/wp\/v2\/pages\/5838\/revisions"}],"predecessor-version":[{"id":6504,"href":"https:\/\/mugetanyel.com\/de\/wp-json\/wp\/v2\/pages\/5838\/revisions\/6504"}],"wp:attachment":[{"href":"https:\/\/mugetanyel.com\/de\/wp-json\/wp\/v2\/media?parent=5838"}],"curies":[{"name":"wp","href":"https:\/\/api.w.org\/{rel}","templated":true}]}}