{"id":5855,"date":"2022-01-05T06:50:49","date_gmt":"2022-01-05T06:50:49","guid":{"rendered":"https:\/\/mugetanyel.com\/iletisim\/"},"modified":"2026-02-11T13:10:22","modified_gmt":"2026-02-11T13:10:22","slug":"contact","status":"publish","type":"page","link":"https:\/\/mugetanyel.com\/en\/contact\/","title":{"rendered":"Contact"},"content":{"rendered":"\t\t<div data-elementor-type=\"wp-page\" data-elementor-id=\"5855\" class=\"elementor elementor-5855 elementor-2107\">\n\t\t\t\t\t\t<section class=\"elementor-section elementor-top-section elementor-element elementor-element-2f2a3bf elementor-section-boxed elementor-section-height-default elementor-section-height-default\" data-id=\"2f2a3bf\" data-element_type=\"section\" data-settings=\"{&quot;background_background&quot;:&quot;classic&quot;}\">\n\t\t\t\t\t\t<div class=\"elementor-container elementor-column-gap-extended\">\n\t\t\t\t\t<div class=\"elementor-column elementor-col-100 elementor-top-column elementor-element elementor-element-e19273c\" data-id=\"e19273c\" data-element_type=\"column\">\n\t\t\t<div class=\"elementor-widget-wrap elementor-element-populated\">\n\t\t\t\t\t\t<section class=\"elementor-section elementor-inner-section elementor-element elementor-element-cb96224 elementor-section-boxed elementor-section-height-default elementor-section-height-default\" data-id=\"cb96224\" data-element_type=\"section\">\n\t\t\t\t\t\t<div class=\"elementor-container elementor-column-gap-no\">\n\t\t\t\t\t<div class=\"elementor-column elementor-col-100 elementor-inner-column elementor-element elementor-element-60feb5f\" data-id=\"60feb5f\" data-element_type=\"column\">\n\t\t\t<div class=\"elementor-widget-wrap elementor-element-populated\">\n\t\t\t\t\t\t<div class=\"elementor-element elementor-element-cb71e8f elementor-widget elementor-widget-tf-title-section\" data-id=\"cb71e8f\" data-element_type=\"widget\" data-widget_type=\"tf-title-section.default\">\n\t\t\t\t<div class=\"elementor-widget-container\">\n\t\t\t<div id=\"tf-title-section-cb71e8f\" class=\"tf-title-section\" data-tabid=\"cb71e8f\"> \r\n\t\t\t\t\r\n\t\t\t<div class=\"title-section\">\r\n\t\t\t\t<div class=\"before-heading\">DENTIST M\u00dcGE TANYEL DENTAL CLINIC<\/div>\r\n\t\t\t\t<h2 class=\"heading\">Contact Us<\/h2>\r\n\t\t\t\t\r\n\t\t\t<\/div>                \r\n            <\/div>\t\t<\/div>\n\t\t\t\t<\/div>\n\t\t\t\t\t<\/div>\n\t\t<\/div>\n\t\t\t\t\t<\/div>\n\t\t<\/section>\n\t\t\t\t<section class=\"elementor-section elementor-inner-section elementor-element elementor-element-11ee059 elementor-section-full_width tf-animated-column-elementor elementor-section-height-default elementor-section-height-default\" data-id=\"11ee059\" data-element_type=\"section\" data-settings=\"{&quot;background_background&quot;:&quot;classic&quot;}\">\n\t\t\t\t\t\t<div class=\"elementor-container elementor-column-gap-no\">\n\t\t\t\t\t<div class=\"elementor-column elementor-col-25 elementor-inner-column elementor-element elementor-element-da6d0ee\" data-id=\"da6d0ee\" data-element_type=\"column\">\n\t\t\t<div class=\"elementor-widget-wrap elementor-element-populated\">\n\t\t\t\t\t\t<div class=\"elementor-element elementor-element-a605b39 elementor-widget elementor-widget-tficonbox\" data-id=\"a605b39\" data-element_type=\"widget\" data-widget_type=\"tficonbox.default\">\n\t\t\t\t<div class=\"elementor-widget-container\">\n\t\t\t\t\t\t\t\t<div class=\"tficonbox top\">\n\t\t\t\t\t\n\t\t\t\t\t\t\t\t\t<div class=\"wrap-icon square\">\n\t\t\t\t\t\t<div class=\"wrap-icon-inner icon top-to-bottom\">\n\t\t\t\t\t\t\t<i aria-hidden=\"true\" class=\"carenowicon- carenow-icon-icon-pin1\"><\/i>\t\t\t\t\t\t<\/div>\n\t\t\t\t\t<\/div>\n\t\t\t\t\t\n\n\t\t\t\t<div class=\"content\">\n\t\t\t\t\t<h3 class=\"title\">Adress:<\/h3>\n\t\t\t\t\t<div class=\"description\"><p><a href=\"https:\/\/www.google.com\/maps\/place\/Di%C5%9F+Hekimi+M%C3%BCge+ATE%C5%9E\/@37.046739,27.396256,17z\/data=!4m6!3m5!1s0x14be6dce94b3e895:0xc277919ab7028e41!8m2!3d37.0469227!4d27.3961858!16s%2Fg%2F11mwck49r8?hl=tr-TR\">Konac\u0131k Mh, Portal Sk. No: 3\/A D:1 - 48400<br \/>Bodrum - Mu\u011fla<\/a><\/p><\/div>\t\t\t\t\t\n\t\t\t\t\t\n\t\t\t\t<\/div>\n\t\t\t<\/div>\n\t\t\t\t<\/div>\n\t\t\t\t<\/div>\n\t\t\t\t\t<\/div>\n\t\t<\/div>\n\t\t\t\t<div class=\"elementor-column elementor-col-25 elementor-inner-column elementor-element elementor-element-b472b90\" data-id=\"b472b90\" data-element_type=\"column\">\n\t\t\t<div class=\"elementor-widget-wrap elementor-element-populated\">\n\t\t\t\t\t\t<div class=\"elementor-element elementor-element-e37259e elementor-widget elementor-widget-tficonbox\" data-id=\"e37259e\" data-element_type=\"widget\" data-widget_type=\"tficonbox.default\">\n\t\t\t\t<div class=\"elementor-widget-container\">\n\t\t\t\t\t\t\t\t<div class=\"tficonbox top\">\n\t\t\t\t\t\n\t\t\t\t\t\t\t\t\t<div class=\"wrap-icon square\">\n\t\t\t\t\t\t<div class=\"wrap-icon-inner icon top-to-bottom\">\n\t\t\t\t\t\t\t<i aria-hidden=\"true\" class=\"carenowicon- carenow-icon-Icon-zocial-call\"><\/i>\t\t\t\t\t\t<\/div>\n\t\t\t\t\t<\/div>\n\t\t\t\t\t\n\n\t\t\t\t<div class=\"content\">\n\t\t\t\t\t<h3 class=\"title\">Phone:<\/h3>\n\t\t\t\t\t<div class=\"description\"><p><a href=\"tel:905524483199\">+9 0552 448 31 99<\/a><\/p><\/div>\t\t\t\t\t\n\t\t\t\t\t\n\t\t\t\t<\/div>\n\t\t\t<\/div>\n\t\t\t\t<\/div>\n\t\t\t\t<\/div>\n\t\t\t\t\t<\/div>\n\t\t<\/div>\n\t\t\t\t<div class=\"elementor-column elementor-col-25 elementor-inner-column elementor-element elementor-element-7cdb74b\" data-id=\"7cdb74b\" data-element_type=\"column\">\n\t\t\t<div class=\"elementor-widget-wrap elementor-element-populated\">\n\t\t\t\t\t\t<div class=\"elementor-element elementor-element-c1b2a72 elementor-widget elementor-widget-tficonbox\" data-id=\"c1b2a72\" data-element_type=\"widget\" data-widget_type=\"tficonbox.default\">\n\t\t\t\t<div class=\"elementor-widget-container\">\n\t\t\t\t\t\t\t\t<div class=\"tficonbox top\">\n\t\t\t\t\t\n\t\t\t\t\t\t\t\t\t<div class=\"wrap-icon square\">\n\t\t\t\t\t\t<div class=\"wrap-icon-inner icon top-to-bottom\">\n\t\t\t\t\t\t\t<i aria-hidden=\"true\" class=\"fab fa-whatsapp\"><\/i>\t\t\t\t\t\t<\/div>\n\t\t\t\t\t<\/div>\n\t\t\t\t\t\n\n\t\t\t\t<div class=\"content\">\n\t\t\t\t\t<h3 class=\"title\">Whatsapp<\/h3>\n\t\t\t\t\t<div class=\"description\"><p><a href=\"https:\/\/wa.me\/905524483199\">+9 0552 448 31 99<\/a><\/p><\/div>\t\t\t\t\t\n\t\t\t\t\t\n\t\t\t\t<\/div>\n\t\t\t<\/div>\n\t\t\t\t<\/div>\n\t\t\t\t<\/div>\n\t\t\t\t\t<\/div>\n\t\t<\/div>\n\t\t\t\t<div class=\"elementor-column elementor-col-25 elementor-inner-column elementor-element elementor-element-fd342c6\" data-id=\"fd342c6\" data-element_type=\"column\">\n\t\t\t<div class=\"elementor-widget-wrap elementor-element-populated\">\n\t\t\t\t\t\t<div class=\"elementor-element elementor-element-4bd920f elementor-widget elementor-widget-tficonbox\" data-id=\"4bd920f\" data-element_type=\"widget\" data-widget_type=\"tficonbox.default\">\n\t\t\t\t<div class=\"elementor-widget-container\">\n\t\t\t\t\t\t\t\t<div class=\"tficonbox top\">\n\t\t\t\t\t\n\t\t\t\t\t\t\t\t\t<div class=\"wrap-icon square\">\n\t\t\t\t\t\t<div class=\"wrap-icon-inner icon top-to-bottom\">\n\t\t\t\t\t\t\t<i aria-hidden=\"true\" class=\"carenowicon- carenow-icon-icon-mail1\"><\/i>\t\t\t\t\t\t<\/div>\n\t\t\t\t\t<\/div>\n\t\t\t\t\t\n\n\t\t\t\t<div class=\"content\">\n\t\t\t\t\t<h3 class=\"title\">Our Email<\/h3>\n\t\t\t\t\t<div class=\"description\"><a href=\"mailto:info@mugetanyel.com\">info@mugetanyel.com<\/a>\n\n<a href=\"mailto:mugetanyel@hotmail.com\">mugetanyel@hotmail.com<\/a><\/div>\t\t\t\t\t\n\t\t\t\t\t\n\t\t\t\t<\/div>\n\t\t\t<\/div>\n\t\t\t\t<\/div>\n\t\t\t\t<\/div>\n\t\t\t\t\t<\/div>\n\t\t<\/div>\n\t\t\t\t\t<\/div>\n\t\t<\/section>\n\t\t\t\t\t<\/div>\n\t\t<\/div>\n\t\t\t\t\t<\/div>\n\t\t<\/section>\n\t\t\t\t<section class=\"elementor-section elementor-top-section elementor-element elementor-element-7991608 tf-animated-column-elementor elementor-section-boxed elementor-section-height-default elementor-section-height-default\" data-id=\"7991608\" data-element_type=\"section\">\n\t\t\t\t\t\t<div class=\"elementor-container elementor-column-gap-extended\">\n\t\t\t\t\t<div class=\"elementor-column elementor-col-50 elementor-top-column elementor-element elementor-element-4956c1d\" data-id=\"4956c1d\" data-element_type=\"column\">\n\t\t\t<div class=\"elementor-widget-wrap elementor-element-populated\">\n\t\t\t\t\t\t<div class=\"elementor-element elementor-element-799b9b1 elementor-widget elementor-widget-tf-google_maps\" data-id=\"799b9b1\" data-element_type=\"widget\" data-widget_type=\"tf-google_maps.default\">\n\t\t\t\t<div class=\"elementor-widget-container\">\n\t\t\t\t\t<div class=\"elementor-custom-embed\">\n\t\t\t<iframe\n\t\t\t\t\tsrc=\"https:\/\/maps.google.com\/maps?q=Di%C5%9F%20Hekimi%20M%C3%BCge%20ATE%C5%9E%20%20Bodrum%2FMu%C4%9Fla&#038;t=m&#038;z=15&#038;output=embed&#038;iwloc=near\"\n\t\t\t\t\ttitle=\"Di\u015f Hekimi M\u00fcge ATE\u015e  Bodrum\/Mu\u011fla\"\n\t\t\t\t\taria-label=\"Di\u015f Hekimi M\u00fcge ATE\u015e  Bodrum\/Mu\u011fla\"\n\t\t\t><\/iframe>\n\t\t<\/div>\n\t\t\t\t<\/div>\n\t\t\t\t<\/div>\n\t\t\t\t\t<\/div>\n\t\t<\/div>\n\t\t\t\t<div class=\"elementor-column elementor-col-50 elementor-top-column elementor-element elementor-element-5d51e8f\" data-id=\"5d51e8f\" data-element_type=\"column\">\n\t\t\t<div class=\"elementor-widget-wrap elementor-element-populated\">\n\t\t\t\t\t\t<div class=\"elementor-element elementor-element-476b75c elementor-widget elementor-widget-shortcode\" data-id=\"476b75c\" data-element_type=\"widget\" data-widget_type=\"shortcode.default\">\n\t\t\t\t<div class=\"elementor-widget-container\">\n\t\t\t\t\t<div class=\"elementor-shortcode\">\n<div class=\"wpcf7 no-js\" id=\"wpcf7-f5865-o1\" lang=\"en-US\" dir=\"ltr\" data-wpcf7-id=\"5865\">\n<div class=\"screen-reader-response\"><p role=\"status\" aria-live=\"polite\" aria-atomic=\"true\"><\/p> <ul><\/ul><\/div>\n<form action=\"\/en\/wp-json\/wp\/v2\/pages\/5855#wpcf7-f5865-o1\" method=\"post\" class=\"wpcf7-form init\" aria-label=\"Contact form\" novalidate=\"novalidate\" data-status=\"init\">\n<div style=\"display: none;\">\n<input type=\"hidden\" name=\"_wpcf7\" value=\"5865\" \/>\n<input type=\"hidden\" name=\"_wpcf7_version\" value=\"6.0\" \/>\n<input type=\"hidden\" name=\"_wpcf7_locale\" value=\"en_US\" \/>\n<input type=\"hidden\" name=\"_wpcf7_unit_tag\" value=\"wpcf7-f5865-o1\" \/>\n<input type=\"hidden\" name=\"_wpcf7_container_post\" value=\"0\" \/>\n<input type=\"hidden\" name=\"_wpcf7_posted_data_hash\" value=\"\" \/>\n<\/div>\n<div class=\"dark-form style3 row\">\n\t<div class=\"col-md-6\">\n\t\t<p><span class=\"wpcf7-form-control-wrap\" data-name=\"FullName\"><input size=\"40\" maxlength=\"400\" class=\"wpcf7-form-control wpcf7-text wpcf7-validates-as-required\" aria-required=\"true\" aria-invalid=\"false\" placeholder=\"Name Surname\" value=\"\" type=\"text\" name=\"FullName\" \/><\/span>\n\t\t<\/p>\n\t<\/div>\n\t<div class=\"col-md-6\">\n\t\t<p><span class=\"wpcf7-form-control-wrap\" data-name=\"phonetext-546\"><input size=\"40\" class=\"wpcf7-form-control wpcf7-phonetext wpcf7-validates-as-required wpcf7-text wpcf7-validates-as-phonetext\" aria-required=\"true\" aria-invalid=\"false\" placeholder=\"Cell Phone\" value=\"\" type=\"text\" name=\"phonetext-546\" \/><input type=\"hidden\" name=\"phonetext-546-country-code\" class=\"wpcf7-phonetext-country-code\" \/><\/span>\n\t\t<\/p>\n\t<\/div>\n\t<div class=\"col-md-6\">\n\t\t<p><span class=\"wpcf7-form-control-wrap\" data-name=\"EmailAddress\"><input size=\"40\" maxlength=\"400\" class=\"wpcf7-form-control wpcf7-email wpcf7-validates-as-required wpcf7-text wpcf7-validates-as-email\" aria-required=\"true\" aria-invalid=\"false\" placeholder=\"Email\" value=\"\" type=\"email\" name=\"EmailAddress\" \/><\/span>\n\t\t<\/p>\n\t<\/div>\n\t<div class=\"col-md-6\">\n\t\t<p><span class=\"wpcf7-form-control-wrap\" data-name=\"Subject\"><input size=\"40\" maxlength=\"400\" class=\"wpcf7-form-control wpcf7-text\" aria-invalid=\"false\" placeholder=\"Subject\" value=\"\" type=\"text\" name=\"Subject\" \/><\/span>\n\t\t<\/p>\n\t<\/div>\n\t<div class=\"col-md-12\">\n\t\t<p><span class=\"wpcf7-form-control-wrap\" data-name=\"YourMessage\"><textarea cols=\"40\" rows=\"10\" maxlength=\"2000\" class=\"wpcf7-form-control wpcf7-textarea\" aria-invalid=\"false\" placeholder=\"Message\" name=\"YourMessage\"><\/textarea><\/span>\n\t\t<\/p>\n\t<\/div>\n\t<div class=\"col-md-12\">\n\t\t<p><button type=\"submit\">Send<\/button>\n\t\t<\/p>\n\t<\/div>\n<\/div><div class=\"wpcf7-response-output\" aria-hidden=\"true\"><\/div>\n<\/form>\n<\/div>\n<\/div>\n\t\t\t\t<\/div>\n\t\t\t\t<\/div>\n\t\t\t\t\t<\/div>\n\t\t<\/div>\n\t\t\t\t\t<\/div>\n\t\t<\/section>\n\t\t\t\t<\/div>\n\t\t","protected":false},"excerpt":{"rendered":"<p>DENTIST M\u00dcGE TANYEL DENTAL CLINIC Contact Us Adress: Konac\u0131k Mh, Portal Sk. No: 3\/A D:1 &#8211; 48400Bodrum &#8211; Mu\u011fla Phone: +9 0552 448 31 99 Whatsapp +9 [&hellip;]<\/p>\n","protected":false},"author":1,"featured_media":0,"parent":0,"menu_order":0,"comment_status":"closed","ping_status":"closed","template":"elementor_header_footer","meta":{"footnotes":""},"class_list":["post-5855","page","type-page","status-publish","hentry"],"_links":{"self":[{"href":"https:\/\/mugetanyel.com\/en\/wp-json\/wp\/v2\/pages\/5855","targetHints":{"allow":["GET"]}}],"collection":[{"href":"https:\/\/mugetanyel.com\/en\/wp-json\/wp\/v2\/pages"}],"about":[{"href":"https:\/\/mugetanyel.com\/en\/wp-json\/wp\/v2\/types\/page"}],"author":[{"embeddable":true,"href":"https:\/\/mugetanyel.com\/en\/wp-json\/wp\/v2\/users\/1"}],"replies":[{"embeddable":true,"href":"https:\/\/mugetanyel.com\/en\/wp-json\/wp\/v2\/comments?post=5855"}],"version-history":[{"count":19,"href":"https:\/\/mugetanyel.com\/en\/wp-json\/wp\/v2\/pages\/5855\/revisions"}],"predecessor-version":[{"id":6514,"href":"https:\/\/mugetanyel.com\/en\/wp-json\/wp\/v2\/pages\/5855\/revisions\/6514"}],"wp:attachment":[{"href":"https:\/\/mugetanyel.com\/en\/wp-json\/wp\/v2\/media?parent=5855"}],"curies":[{"name":"wp","href":"https:\/\/api.w.org\/{rel}","templated":true}]}}